{"id":101229,"date":"2024-12-15T13:16:47","date_gmt":"2024-12-15T13:16:47","guid":{"rendered":"https:\/\/www.otiumhome.fi\/?p=101229"},"modified":"2025-06-06T15:53:38","modified_gmt":"2025-06-06T15:53:38","slug":"kylpyhuonekaappi-bodo-valkoinen-44x30x160-cm","status":"publish","type":"product","link":"https:\/\/www.otiumhome.fi\/index.php\/tuote\/kylpyhuonekaappi-bodo-valkoinen-44x30x160-cm\/","title":{"rendered":"Kylpyhuonekaappi BODO valkoinen 44x30x160 cm"},"content":{"rendered":"<p>T\u00e4m\u00e4 tilava kylpyhuoneen kaappi on loistava valinta lis\u00e4 kylpyhuoneeseesi, se tekee siit\u00e4 siistin ja j\u00e4rjestelm\u00e4llisen!<\/p>\n<\/p>\n<ul>\n<li>Kest\u00e4v\u00e4 materiaali: Massiivim\u00e4ntypuu tunnetaan lujuudestaan ja kest\u00e4vyydest\u00e4\u00e4n. Sen suorat rakeet ja erottuva oksat lis\u00e4\u00e4v\u00e4t sen maalaismaista vieh\u00e4tyst\u00e4. Suunniteltu puu on kest\u00e4v\u00e4 ja vakaa materiaali, jonka sile\u00e4 pinta kest\u00e4\u00e4 kosteutta, v\u00e4\u00e4ntymist\u00e4 ja halkeilua, joten se on luotettava valinta erilaisiin projekteihin.<\/li>\n<li>Runsaasti s\u00e4ilytystilaa: T\u00e4m\u00e4 kylpyhuonekaluste tarjoaa runsaasti s\u00e4ilytystilaa t\u00e4rkeiden tavaroiden s\u00e4ilytt\u00e4miseen ja k\u00e4ttesi ulottuvilla pit\u00e4miseen.<\/li>\n<li>Helppok\u00e4ytt\u00f6inen: Oven metallinen kahva helpottaa avaamista ja sulkemista ja tekee kylpykaappista houkuttelevamman.<\/li>\n<li>Helppo huoltaa: Pesuhuonekaappi on sile\u00e4n pinnan ansiosta helppo puhdistaa ja tarvitsee vain pyyhki\u00e4 kuivalla liinalla.<\/li>\n<\/ul>\n<p>Hyv\u00e4 tiet\u00e4\u00e4:<\/p>\n<ul>\n<li>Sein\u00e4\u00e4n kiinnitett\u00e4v\u00e4t ruuvit ja tulpat eiv\u00e4t sis\u00e4lly toimitukseen. Suosittelemme etsim\u00e4\u00e4n ja k\u00e4ytt\u00e4m\u00e4\u00e4n sein\u00e4\u00e4si sopivia ruuveja ja tulppia. Jos olet ep\u00e4varma, kysy ammattilaisen neuvoa. Lue ja noudata ohjeiden jokaista vaihetta.<\/li>\n<\/ul>\n<p>Varoitus:<\/p>\n<ul>\n<li>Kaatumisen est\u00e4miseksi t\u00e4t\u00e4 tuotetta on k\u00e4ytett\u00e4v\u00e4 mukana toimitetun sein\u00e4kiinnityslaitteen kanssa.<\/li>\n<\/ul>\n<ul>\n<li>V\u00e4ri: Valkoinen<\/li>\n<li>Materiaali: T\u00e4ysi m\u00e4nty, tekninen puu, metalli<\/li>\n<li>Mitat: 44 x 30 x 160 cm (L x S x K)<\/li>\n<li>Sis\u00e4lt\u00e4\u00e4 3 avointa lokeroa ja 1 oven metallikahvalla<\/li>\n<li>Malliston nimi: BODO<\/li>\n<li>Asennus vaaditaan: Kyll\u00e4<\/li>\n<\/ul>\n","protected":false},"excerpt":{"rendered":"<ul>\n<li>V\u00e4ri: Valkoinen<\/li>\n<li>Materiaali: T\u00e4ysi m\u00e4nty, tekninen puu, metalli<\/li>\n<li>Mitat: 44 x 30 x 160 cm (L x S x K)<\/li>\n<li>Sis\u00e4lt\u00e4\u00e4 3 avointa lokeroa ja 1 oven metallikahvalla<\/li>\n<li>Malliston nimi: BODO<\/li>\n<li>Asennus vaaditaan: Kyll\u00e4<\/li>\n<\/ul>\n","protected":false},"featured_media":100000101229,"comment_status":"closed","ping_status":"closed","template":"","meta":[],"product_brand":[],"product_cat":[84,8560],"product_tag":[],"class_list":{"0":"post-101229","1":"product","2":"type-product","3":"status-publish","4":"has-post-thumbnail","6":"product_cat-huonekalut","7":"product_cat-kylpyhuoneen-kalusteet","9":"first","10":"instock","11":"taxable","12":"shipping-taxable","13":"purchasable","14":"product-type-simple"},"_links":{"self":[{"href":"https:\/\/www.otiumhome.fi\/index.php\/wp-json\/wp\/v2\/product\/101229","targetHints":{"allow":["GET"]}}],"collection":[{"href":"https:\/\/www.otiumhome.fi\/index.php\/wp-json\/wp\/v2\/product"}],"about":[{"href":"https:\/\/www.otiumhome.fi\/index.php\/wp-json\/wp\/v2\/types\/product"}],"replies":[{"embeddable":true,"href":"https:\/\/www.otiumhome.fi\/index.php\/wp-json\/wp\/v2\/comments?post=101229"}],"wp:featuredmedia":[{"embeddable":true,"href":"https:\/\/www.otiumhome.fi\/index.php\/wp-json\/"}],"wp:attachment":[{"href":"https:\/\/www.otiumhome.fi\/index.php\/wp-json\/wp\/v2\/media?parent=101229"}],"wp:term":[{"taxonomy":"product_brand","embeddable":true,"href":"https:\/\/www.otiumhome.fi\/index.php\/wp-json\/wp\/v2\/product_brand?post=101229"},{"taxonomy":"product_cat","embeddable":true,"href":"https:\/\/www.otiumhome.fi\/index.php\/wp-json\/wp\/v2\/product_cat?post=101229"},{"taxonomy":"product_tag","embeddable":true,"href":"https:\/\/www.otiumhome.fi\/index.php\/wp-json\/wp\/v2\/product_tag?post=101229"}],"curies":[{"name":"wp","href":"https:\/\/api.w.org\/{rel}","templated":true}]}}